{"id":45,"date":"2023-06-27T11:24:40","date_gmt":"2023-06-27T11:24:40","guid":{"rendered":"https:\/\/sirisrom.no\/wordpress\/?page_id=45"},"modified":"2024-10-09T08:20:50","modified_gmt":"2024-10-09T08:20:50","slug":"hjem","status":"publish","type":"page","link":"https:\/\/sirisrom.no\/","title":{"rendered":"Hjem"},"content":{"rendered":"\n<p>Velkommen til Siri&#8217;s rom sine lokaler i Slituveien 461 p\u00e5 Slitu. Her kan du nyte en deilig behandling i <strong><em>velv\u00e6rerommet<\/em><\/strong>, eller f\u00e5 en magisk reading i <strong><em>hjerterommet<\/em><\/strong>. I <strong><em>yogarommet<\/em><\/strong> kan du gi slipp p\u00e5 spenninger, redusere stress og \u00f8ke bevegeligheten med nydelig yinyoga.<\/p>\n\n\n\n<p><\/p>\n\n\n\n<p><\/p>\n\n\n\n<p><\/p>\n","protected":false},"excerpt":{"rendered":"<p>Velkommen til Siri&#8217;s rom sine lokaler i Slituveien 461 p\u00e5 Slitu. Her kan du nyte en deilig behandling i velv\u00e6rerommet, eller f\u00e5 en magisk reading i hjerterommet. I yogarommet kan &hellip; <\/p>\n","protected":false},"author":1,"featured_media":42,"parent":0,"menu_order":0,"comment_status":"closed","ping_status":"closed","template":"","meta":{"footnotes":""},"class_list":["post-45","page","type-page","status-publish","has-post-thumbnail","hentry"],"_links":{"self":[{"href":"https:\/\/sirisrom.no\/index.php\/wp-json\/wp\/v2\/pages\/45","targetHints":{"allow":["GET"]}}],"collection":[{"href":"https:\/\/sirisrom.no\/index.php\/wp-json\/wp\/v2\/pages"}],"about":[{"href":"https:\/\/sirisrom.no\/index.php\/wp-json\/wp\/v2\/types\/page"}],"author":[{"embeddable":true,"href":"https:\/\/sirisrom.no\/index.php\/wp-json\/wp\/v2\/users\/1"}],"replies":[{"embeddable":true,"href":"https:\/\/sirisrom.no\/index.php\/wp-json\/wp\/v2\/comments?post=45"}],"version-history":[{"count":14,"href":"https:\/\/sirisrom.no\/index.php\/wp-json\/wp\/v2\/pages\/45\/revisions"}],"predecessor-version":[{"id":250,"href":"https:\/\/sirisrom.no\/index.php\/wp-json\/wp\/v2\/pages\/45\/revisions\/250"}],"wp:featuredmedia":[{"embeddable":true,"href":"https:\/\/sirisrom.no\/index.php\/wp-json\/wp\/v2\/media\/42"}],"wp:attachment":[{"href":"https:\/\/sirisrom.no\/index.php\/wp-json\/wp\/v2\/media?parent=45"}],"curies":[{"name":"wp","href":"https:\/\/api.w.org\/{rel}","templated":true}]}}