{"id":2,"date":"2023-06-27T09:10:32","date_gmt":"2023-06-27T09:10:32","guid":{"rendered":"https:\/\/sirisrom.no\/wordpress\/?page_id=2"},"modified":"2026-04-25T18:50:32","modified_gmt":"2026-04-25T18:50:32","slug":"sample-page","status":"publish","type":"page","link":"https:\/\/sirisrom.no\/index.php\/sample-page\/","title":{"rendered":"Retreats"},"content":{"rendered":"<div class=\"wp-block-image is-style-rounded\">\n<figure class=\"aligncenter size-large is-resized\"><img loading=\"lazy\" decoding=\"async\" width=\"819\" height=\"1024\" src=\"https:\/\/sirisrom.no\/wordpress\/wp-content\/uploads\/2024\/10\/profilbilde-hjemmeside-819x1024.jpg\" alt=\"\" class=\"wp-image-338\" style=\"width:147px;height:auto\" srcset=\"https:\/\/sirisrom.no\/wordpress\/wp-content\/uploads\/2024\/10\/profilbilde-hjemmeside-819x1024.jpg 819w, https:\/\/sirisrom.no\/wordpress\/wp-content\/uploads\/2024\/10\/profilbilde-hjemmeside-240x300.jpg 240w, https:\/\/sirisrom.no\/wordpress\/wp-content\/uploads\/2024\/10\/profilbilde-hjemmeside-768x961.jpg 768w, https:\/\/sirisrom.no\/wordpress\/wp-content\/uploads\/2024\/10\/profilbilde-hjemmeside-48x60.jpg 48w, https:\/\/sirisrom.no\/wordpress\/wp-content\/uploads\/2024\/10\/profilbilde-hjemmeside.jpg 873w\" sizes=\"auto, (max-width: 819px) 100vw, 819px\" \/><\/figure>\n<\/div>\n\n\n<p><strong>Personen bak Siri&#8217;s rom heter Siri Lund. Ideen om &laquo;rom&raquo; kom under en meditasjon p\u00e5 et yogaretreat i India for noen \u00e5r siden. Etter mer enn 15 \u00e5r med yoga, over 20 \u00e5r som hudterapeaut og reading siden 2012 ble Siri&#8217;s rom dannet. Hvert unike rom med ulike og spennende muligheter, som flettes sammen til en helhet eller hver for seg. Jeg arrangerer ogs\u00e5 dagsretreat og retreats over flere dager. Les mer om kommende retreats her:<\/strong><\/p>\n\n\n\n<p class=\"has-black-color has-text-color has-link-color has-x-large-font-size wp-elements-0811f55b451f8c57ae0b97f3d9542fcb\"><strong><em>Retreats:<\/em><\/strong><\/p>\n\n\n\n<p><strong><mark style=\"background-color:rgba(0, 0, 0, 0);color:#7d1515\" class=\"has-inline-color\">Fullm\u00e5ne yoga og gongbad s\u00f8ndag 31\/5 kl.16.00-18.00<\/mark><\/strong><\/p>\n\n\n\n<p>Fullm\u00e5nen minner oss om \u00e5 stoppe opp, gi slipp p\u00e5 det gamle og fornye oss. Denne s\u00f8ndagen lar vi m\u00e5nens energi st\u00f8tte oss inn i ro og balanse gjennom restorativ yoga, puste\u00f8velser og dyp avspenning til gongens helende vibrasjoner. \u00c5 utf\u00f8re restorativ yogapraksis ved fullm\u00e5ne, n\u00e5r m\u00e5nenes kraft er p\u00e5 det sterkeste, er meget beroligende. N\u00e5r gongen spilles, skapes det kraftfulle vibrasjoner som brer seg som b\u00f8lger gjennom rommet og kroppen. Lydb\u00f8lgene kan oppleves som en indre massasje. Du kan kjenne at spenninger, stress og uro forsvinner og at kroppen f\u00e5r dyp hvile.<br>En nydelig restitusjonsstund der du f\u00e5r det lille ekstra som gir en f\u00f8lelse av luksus og velv\u00e6re.<br>Det trengs ingen forkunnskaper, bare kom som du er.<br>Alt av utstyr kan du l\u00e5ne.<\/p>\n\n\n\n<p>Bindende p\u00e5melding: 99593255 eller sirilund73@gmail.com Pris: 680,- Vipps til 946121 for \u00e5 bekrefte plassen<\/p>\n\n\n\n<figure class=\"wp-block-image size-large\"><img loading=\"lazy\" decoding=\"async\" width=\"1024\" height=\"512\" src=\"https:\/\/sirisrom.no\/wordpress\/wp-content\/uploads\/2026\/04\/COLOURBOX36924821-1-1024x512.jpg\" alt=\"\" class=\"wp-image-669\" srcset=\"https:\/\/sirisrom.no\/wordpress\/wp-content\/uploads\/2026\/04\/COLOURBOX36924821-1-1024x512.jpg 1024w, https:\/\/sirisrom.no\/wordpress\/wp-content\/uploads\/2026\/04\/COLOURBOX36924821-1-300x150.jpg 300w, https:\/\/sirisrom.no\/wordpress\/wp-content\/uploads\/2026\/04\/COLOURBOX36924821-1-768x384.jpg 768w, https:\/\/sirisrom.no\/wordpress\/wp-content\/uploads\/2026\/04\/COLOURBOX36924821-1-1536x768.jpg 1536w, https:\/\/sirisrom.no\/wordpress\/wp-content\/uploads\/2026\/04\/COLOURBOX36924821-1-2048x1024.jpg 2048w, https:\/\/sirisrom.no\/wordpress\/wp-content\/uploads\/2026\/04\/COLOURBOX36924821-1-120x60.jpg 120w\" sizes=\"auto, (max-width: 1024px) 100vw, 1024px\" \/><\/figure>\n\n\n\n<p><\/p>\n\n\n\n<div class=\"wp-block-columns is-layout-flex wp-container-core-columns-is-layout-9d6595d7 wp-block-columns-is-layout-flex\"><\/div>\n\n\n\n<p><\/p>\n\n\n\n<p class=\"has-black-color has-text-color has-link-color has-medium-font-size wp-elements-e07458a7966adb8911a5fd48bccdb7a8\"><strong><mark style=\"background-color:rgba(0, 0, 0, 0)\" class=\"has-inline-color has-vivid-red-color\">23. september &#8211; 27. september 2026 Retreat H\u00f8vringen-FULLBOOKET <\/mark><\/strong><\/p>\n\n\n\n<p><em style=\"\"><b>Det er en stor glede \u00e5 kunne invitere for femte gang til en langhelg p\u00e5 idylliske Laurg\u00e5rdseter fjellstue. Fjellstua ligger 1000 meter over havet med Rondane Nasjonalpark like utenfor d\u00f8ra. Les mer om Laurg\u00e5rdseter her:  <\/b><\/em><a href=\"https:\/\/www.laurgardseter.no\/\" data-type=\"link\" data-id=\"https:\/\/www.laurgardseter.no\/\">https:\/\/www.laurgardseter.no\/<\/a><strong><em><br>Dette er en langhelg for deg som trenger og \u00f8nsker en pause fra hverdagens krav og prestasjoner. Med storsl\u00e5tt natur og flotte turmuligheter er dette en helg hvor du med god samvittighet kan senke skuldre og vie deg selv tid og oppmerksomhet. Dette er en helg for deg som trenger og \u00f8nsker en pause fra hverdagens krav og prestasjoner. Rett og slett et pusterom.<br>Du vil ha full pensjon og ditt eget rom med dusj\/wc. Det vil v\u00e6re seks yoga\u00f8kter gjennom helgen og du vil f\u00e5 din egen reading\/lesning. Naturen er som sagt rett utenfor eller du kan krype ned i godstolen \u00e5 lese boka som du ikke har hatt tid til i hverdagen. Din tid og du velger selv.<br>Investering:<br>Full pensjon i enkeltrom. Enkel standard p\u00e5 rom, hjemmelaget og nydelig husmannskost.<br>Yoga<br>Reading<br>kr 7300<br>P\u00e5meldingsavgift p\u00e5 kr 3400, resterende betales ved avreise.<br>P\u00e5meldingsavgiften tilbakebetales ikke ved avmelding.<br>P\u00e5melding p\u00e5 mail sirilund73@gmail.com <\/em><\/strong><\/p>\n\n\n\n<p><strong>Ta gjerne kontakt for mer info<\/strong>.<\/p>\n\n\n\n<blockquote class=\"wp-block-quote is-layout-flow wp-block-quote-is-layout-flow\">\n<figure class=\"wp-block-gallery has-nested-images columns-default is-cropped wp-block-gallery-1 is-layout-flex wp-block-gallery-is-layout-flex\">\n<figure class=\"wp-block-image size-large\"><img loading=\"lazy\" decoding=\"async\" width=\"819\" height=\"1024\" data-id=\"172\" src=\"https:\/\/sirisrom.no\/wordpress\/wp-content\/uploads\/2023\/10\/Hovringen-4-819x1024.jpg\" alt=\"\" class=\"wp-image-172\" srcset=\"https:\/\/sirisrom.no\/wordpress\/wp-content\/uploads\/2023\/10\/Hovringen-4-819x1024.jpg 819w, https:\/\/sirisrom.no\/wordpress\/wp-content\/uploads\/2023\/10\/Hovringen-4-240x300.jpg 240w, https:\/\/sirisrom.no\/wordpress\/wp-content\/uploads\/2023\/10\/Hovringen-4-768x960.jpg 768w, https:\/\/sirisrom.no\/wordpress\/wp-content\/uploads\/2023\/10\/Hovringen-4-1229x1536.jpg 1229w, https:\/\/sirisrom.no\/wordpress\/wp-content\/uploads\/2023\/10\/Hovringen-4-48x60.jpg 48w, https:\/\/sirisrom.no\/wordpress\/wp-content\/uploads\/2023\/10\/Hovringen-4.jpg 1638w\" sizes=\"auto, (max-width: 819px) 100vw, 819px\" \/><\/figure>\n\n\n\n<figure class=\"wp-block-image size-large\"><img loading=\"lazy\" decoding=\"async\" width=\"818\" height=\"1024\" data-id=\"169\" src=\"https:\/\/sirisrom.no\/wordpress\/wp-content\/uploads\/2023\/10\/Hovringen-7-818x1024.jpg\" alt=\"\" class=\"wp-image-169\" srcset=\"https:\/\/sirisrom.no\/wordpress\/wp-content\/uploads\/2023\/10\/Hovringen-7-818x1024.jpg 818w, https:\/\/sirisrom.no\/wordpress\/wp-content\/uploads\/2023\/10\/Hovringen-7-240x300.jpg 240w, https:\/\/sirisrom.no\/wordpress\/wp-content\/uploads\/2023\/10\/Hovringen-7-768x961.jpg 768w, https:\/\/sirisrom.no\/wordpress\/wp-content\/uploads\/2023\/10\/Hovringen-7-1227x1536.jpg 1227w, https:\/\/sirisrom.no\/wordpress\/wp-content\/uploads\/2023\/10\/Hovringen-7-48x60.jpg 48w, https:\/\/sirisrom.no\/wordpress\/wp-content\/uploads\/2023\/10\/Hovringen-7.jpg 1440w\" sizes=\"auto, (max-width: 818px) 100vw, 818px\" \/><\/figure>\n\n\n\n<figure class=\"wp-block-image size-large\"><img loading=\"lazy\" decoding=\"async\" width=\"768\" height=\"1024\" data-id=\"333\" src=\"https:\/\/sirisrom.no\/wordpress\/wp-content\/uploads\/2024\/10\/IMG_2743-768x1024.jpg\" alt=\"\" class=\"wp-image-333\" srcset=\"https:\/\/sirisrom.no\/wordpress\/wp-content\/uploads\/2024\/10\/IMG_2743-768x1024.jpg 768w, https:\/\/sirisrom.no\/wordpress\/wp-content\/uploads\/2024\/10\/IMG_2743-225x300.jpg 225w, https:\/\/sirisrom.no\/wordpress\/wp-content\/uploads\/2024\/10\/IMG_2743-1152x1536.jpg 1152w, https:\/\/sirisrom.no\/wordpress\/wp-content\/uploads\/2024\/10\/IMG_2743-1536x2048.jpg 1536w, https:\/\/sirisrom.no\/wordpress\/wp-content\/uploads\/2024\/10\/IMG_2743-45x60.jpg 45w, https:\/\/sirisrom.no\/wordpress\/wp-content\/uploads\/2024\/10\/IMG_2743-scaled.jpg 1920w\" sizes=\"auto, (max-width: 768px) 100vw, 768px\" \/><\/figure>\n\n\n\n<figure class=\"wp-block-image size-large\"><img loading=\"lazy\" decoding=\"async\" width=\"768\" height=\"1024\" data-id=\"176\" src=\"https:\/\/sirisrom.no\/wordpress\/wp-content\/uploads\/2023\/10\/Hovringen-9-768x1024.jpg\" alt=\"\" class=\"wp-image-176\" srcset=\"https:\/\/sirisrom.no\/wordpress\/wp-content\/uploads\/2023\/10\/Hovringen-9-768x1024.jpg 768w, https:\/\/sirisrom.no\/wordpress\/wp-content\/uploads\/2023\/10\/Hovringen-9-225x300.jpg 225w, https:\/\/sirisrom.no\/wordpress\/wp-content\/uploads\/2023\/10\/Hovringen-9-1152x1536.jpg 1152w, https:\/\/sirisrom.no\/wordpress\/wp-content\/uploads\/2023\/10\/Hovringen-9-45x60.jpg 45w, https:\/\/sirisrom.no\/wordpress\/wp-content\/uploads\/2023\/10\/Hovringen-9.jpg 1536w\" sizes=\"auto, (max-width: 768px) 100vw, 768px\" \/><\/figure>\n\n\n\n<figure class=\"wp-block-image size-large\"><img loading=\"lazy\" decoding=\"async\" width=\"1024\" height=\"1024\" data-id=\"177\" src=\"https:\/\/sirisrom.no\/wordpress\/wp-content\/uploads\/2023\/10\/IMG-0140-1024x1024.jpg\" alt=\"\" class=\"wp-image-177\" srcset=\"https:\/\/sirisrom.no\/wordpress\/wp-content\/uploads\/2023\/10\/IMG-0140-1024x1024.jpg 1024w, https:\/\/sirisrom.no\/wordpress\/wp-content\/uploads\/2023\/10\/IMG-0140-300x300.jpg 300w, https:\/\/sirisrom.no\/wordpress\/wp-content\/uploads\/2023\/10\/IMG-0140-150x150.jpg 150w, https:\/\/sirisrom.no\/wordpress\/wp-content\/uploads\/2023\/10\/IMG-0140-768x768.jpg 768w, https:\/\/sirisrom.no\/wordpress\/wp-content\/uploads\/2023\/10\/IMG-0140-60x60.jpg 60w, https:\/\/sirisrom.no\/wordpress\/wp-content\/uploads\/2023\/10\/IMG-0140.jpg 1350w\" sizes=\"auto, (max-width: 1024px) 100vw, 1024px\" \/><\/figure>\n\n\n\n<figure class=\"wp-block-image size-large\"><img loading=\"lazy\" decoding=\"async\" width=\"750\" height=\"1000\" data-id=\"178\" src=\"https:\/\/sirisrom.no\/wordpress\/wp-content\/uploads\/2023\/10\/IMG-0147.jpg\" alt=\"\" class=\"wp-image-178\" srcset=\"https:\/\/sirisrom.no\/wordpress\/wp-content\/uploads\/2023\/10\/IMG-0147.jpg 750w, https:\/\/sirisrom.no\/wordpress\/wp-content\/uploads\/2023\/10\/IMG-0147-225x300.jpg 225w, https:\/\/sirisrom.no\/wordpress\/wp-content\/uploads\/2023\/10\/IMG-0147-45x60.jpg 45w\" sizes=\"auto, (max-width: 750px) 100vw, 750px\" \/><\/figure>\n\n\n\n<figure class=\"wp-block-image size-large\"><img loading=\"lazy\" decoding=\"async\" width=\"1024\" height=\"998\" data-id=\"182\" src=\"https:\/\/sirisrom.no\/wordpress\/wp-content\/uploads\/2023\/10\/IMG-8884-Original-1024x998.jpg\" alt=\"\" class=\"wp-image-182\" srcset=\"https:\/\/sirisrom.no\/wordpress\/wp-content\/uploads\/2023\/10\/IMG-8884-Original-1024x998.jpg 1024w, https:\/\/sirisrom.no\/wordpress\/wp-content\/uploads\/2023\/10\/IMG-8884-Original-300x292.jpg 300w, https:\/\/sirisrom.no\/wordpress\/wp-content\/uploads\/2023\/10\/IMG-8884-Original-768x749.jpg 768w, https:\/\/sirisrom.no\/wordpress\/wp-content\/uploads\/2023\/10\/IMG-8884-Original-1536x1497.jpg 1536w, https:\/\/sirisrom.no\/wordpress\/wp-content\/uploads\/2023\/10\/IMG-8884-Original-2048x1996.jpg 2048w, https:\/\/sirisrom.no\/wordpress\/wp-content\/uploads\/2023\/10\/IMG-8884-Original-62x60.jpg 62w\" sizes=\"auto, (max-width: 1024px) 100vw, 1024px\" \/><\/figure>\n\n\n\n<figure class=\"wp-block-image size-large\"><img loading=\"lazy\" decoding=\"async\" width=\"819\" height=\"1024\" data-id=\"335\" src=\"https:\/\/sirisrom.no\/wordpress\/wp-content\/uploads\/2024\/10\/IMG_2780-819x1024.jpg\" alt=\"\" class=\"wp-image-335\" srcset=\"https:\/\/sirisrom.no\/wordpress\/wp-content\/uploads\/2024\/10\/IMG_2780-819x1024.jpg 819w, https:\/\/sirisrom.no\/wordpress\/wp-content\/uploads\/2024\/10\/IMG_2780-240x300.jpg 240w, https:\/\/sirisrom.no\/wordpress\/wp-content\/uploads\/2024\/10\/IMG_2780-768x960.jpg 768w, https:\/\/sirisrom.no\/wordpress\/wp-content\/uploads\/2024\/10\/IMG_2780-48x60.jpg 48w, https:\/\/sirisrom.no\/wordpress\/wp-content\/uploads\/2024\/10\/IMG_2780.jpg 1200w\" sizes=\"auto, (max-width: 819px) 100vw, 819px\" \/><\/figure>\n\n\n\n<figure class=\"wp-block-image size-large\"><img loading=\"lazy\" decoding=\"async\" width=\"819\" height=\"1024\" data-id=\"180\" src=\"https:\/\/sirisrom.no\/wordpress\/wp-content\/uploads\/2023\/10\/IMG-9610-819x1024.jpg\" alt=\"\" class=\"wp-image-180\" srcset=\"https:\/\/sirisrom.no\/wordpress\/wp-content\/uploads\/2023\/10\/IMG-9610-819x1024.jpg 819w, https:\/\/sirisrom.no\/wordpress\/wp-content\/uploads\/2023\/10\/IMG-9610-240x300.jpg 240w, https:\/\/sirisrom.no\/wordpress\/wp-content\/uploads\/2023\/10\/IMG-9610-768x961.jpg 768w, https:\/\/sirisrom.no\/wordpress\/wp-content\/uploads\/2023\/10\/IMG-9610-1228x1536.jpg 1228w, https:\/\/sirisrom.no\/wordpress\/wp-content\/uploads\/2023\/10\/IMG-9610-48x60.jpg 48w, https:\/\/sirisrom.no\/wordpress\/wp-content\/uploads\/2023\/10\/IMG-9610.jpg 1440w\" sizes=\"auto, (max-width: 819px) 100vw, 819px\" \/><\/figure>\n<\/figure>\n<\/blockquote>\n\n\n<div class=\"wp-block-image\">\n<figure class=\"aligncenter size-full\"><img loading=\"lazy\" decoding=\"async\" width=\"480\" height=\"480\" src=\"https:\/\/sirisrom.no\/wordpress\/wp-content\/uploads\/2023\/06\/yogalogo.jpg\" alt=\"\" class=\"wp-image-5\" srcset=\"https:\/\/sirisrom.no\/wordpress\/wp-content\/uploads\/2023\/06\/yogalogo.jpg 480w, https:\/\/sirisrom.no\/wordpress\/wp-content\/uploads\/2023\/06\/yogalogo-300x300.jpg 300w, https:\/\/sirisrom.no\/wordpress\/wp-content\/uploads\/2023\/06\/yogalogo-150x150.jpg 150w, https:\/\/sirisrom.no\/wordpress\/wp-content\/uploads\/2023\/06\/yogalogo-100x100.jpg 100w\" sizes=\"auto, (max-width: 480px) 100vw, 480px\" \/><\/figure>\n<\/div>","protected":false},"excerpt":{"rendered":"<p>Personen bak Siri&#8217;s rom heter Siri Lund. Ideen om &laquo;rom&raquo; kom under en meditasjon p\u00e5 et yogaretreat i India for noen \u00e5r siden. Etter mer enn 15 \u00e5r med yoga, &hellip; <\/p>\n","protected":false},"author":1,"featured_media":0,"parent":0,"menu_order":0,"comment_status":"closed","ping_status":"open","template":"","meta":{"footnotes":""},"class_list":["post-2","page","type-page","status-publish","hentry"],"_links":{"self":[{"href":"https:\/\/sirisrom.no\/index.php\/wp-json\/wp\/v2\/pages\/2","targetHints":{"allow":["GET"]}}],"collection":[{"href":"https:\/\/sirisrom.no\/index.php\/wp-json\/wp\/v2\/pages"}],"about":[{"href":"https:\/\/sirisrom.no\/index.php\/wp-json\/wp\/v2\/types\/page"}],"author":[{"embeddable":true,"href":"https:\/\/sirisrom.no\/index.php\/wp-json\/wp\/v2\/users\/1"}],"replies":[{"embeddable":true,"href":"https:\/\/sirisrom.no\/index.php\/wp-json\/wp\/v2\/comments?post=2"}],"version-history":[{"count":84,"href":"https:\/\/sirisrom.no\/index.php\/wp-json\/wp\/v2\/pages\/2\/revisions"}],"predecessor-version":[{"id":670,"href":"https:\/\/sirisrom.no\/index.php\/wp-json\/wp\/v2\/pages\/2\/revisions\/670"}],"wp:attachment":[{"href":"https:\/\/sirisrom.no\/index.php\/wp-json\/wp\/v2\/media?parent=2"}],"curies":[{"name":"wp","href":"https:\/\/api.w.org\/{rel}","templated":true}]}}