{"id":17,"date":"2023-06-27T09:48:45","date_gmt":"2023-06-27T09:48:45","guid":{"rendered":"https:\/\/sirisrom.no\/wordpress\/?page_id=17"},"modified":"2023-10-26T15:14:38","modified_gmt":"2023-10-26T15:14:38","slug":"siris-velvaererom","status":"publish","type":"page","link":"https:\/\/sirisrom.no\/index.php\/siris-velvaererom\/","title":{"rendered":"Siri&#8217;s velv\u00e6rerom"},"content":{"rendered":"\n<blockquote class=\"wp-block-quote is-layout-flow wp-block-quote-is-layout-flow\">\n<p><\/p>\n<cite><strong>Du kan velge om du vil si at tornebusken har roser, eller om rosebusken har torner &#8211; \u00d8. Hammer<\/strong><\/cite><\/blockquote>\n\n\n<div class=\"wp-block-image\">\n<figure class=\"aligncenter size-large is-resized\"><img loading=\"lazy\" decoding=\"async\" width=\"724\" height=\"1024\" src=\"https:\/\/sirisrom.no\/wordpress\/wp-content\/uploads\/2023\/10\/velvaere-724x1024.jpg\" alt=\"\" class=\"wp-image-166\" style=\"aspect-ratio:0.70703125;width:623px;height:auto\" srcset=\"https:\/\/sirisrom.no\/wordpress\/wp-content\/uploads\/2023\/10\/velvaere-724x1024.jpg 724w, https:\/\/sirisrom.no\/wordpress\/wp-content\/uploads\/2023\/10\/velvaere-212x300.jpg 212w, https:\/\/sirisrom.no\/wordpress\/wp-content\/uploads\/2023\/10\/velvaere-768x1086.jpg 768w, https:\/\/sirisrom.no\/wordpress\/wp-content\/uploads\/2023\/10\/velvaere-1086x1536.jpg 1086w, https:\/\/sirisrom.no\/wordpress\/wp-content\/uploads\/2023\/10\/velvaere-1448x2048.jpg 1448w, https:\/\/sirisrom.no\/wordpress\/wp-content\/uploads\/2023\/10\/velvaere-42x60.jpg 42w, https:\/\/sirisrom.no\/wordpress\/wp-content\/uploads\/2023\/10\/velvaere-scaled.jpg 1810w\" sizes=\"auto, (max-width: 724px) 100vw, 724px\" \/><\/figure>\n<\/div>\n\n\n<p class=\"has-text-align-left\">Jeg benytter Matis produkter i behandlinger. Matis er en komplett, plantebasert hudpleieserie med nydelige ansikts- og kropps- pleieprodukter av aller h\u00f8yeste kvalitet. Produktene er basert p\u00e5 det beste naturen har \u00e5 by p\u00e5, som planteekstrakter, planteoljer, aromaterapi, alger og vitaminer.<\/p>\n\n\n\n<p class=\"has-text-align-left\"><br>Til massasjebehandlinger blander jeg egne oljer. Avokado, jojoba eller s\u00f8t mandelolje som base og rene eteriske oljer etter \u00f8nske og behov.<\/p>\n\n\n<div class=\"wp-block-image\">\n<figure class=\"aligncenter size-large\"><img loading=\"lazy\" decoding=\"async\" width=\"1024\" height=\"683\" src=\"https:\/\/sirisrom.no\/wordpress\/wp-content\/uploads\/2023\/06\/Bakgrunn-hudplei-1024x683.jpg\" alt=\"\" class=\"wp-image-20\" srcset=\"https:\/\/sirisrom.no\/wordpress\/wp-content\/uploads\/2023\/06\/Bakgrunn-hudplei-1024x683.jpg 1024w, https:\/\/sirisrom.no\/wordpress\/wp-content\/uploads\/2023\/06\/Bakgrunn-hudplei-300x200.jpg 300w, https:\/\/sirisrom.no\/wordpress\/wp-content\/uploads\/2023\/06\/Bakgrunn-hudplei-768x512.jpg 768w, https:\/\/sirisrom.no\/wordpress\/wp-content\/uploads\/2023\/06\/Bakgrunn-hudplei-1536x1024.jpg 1536w, https:\/\/sirisrom.no\/wordpress\/wp-content\/uploads\/2023\/06\/Bakgrunn-hudplei-2048x1365.jpg 2048w\" sizes=\"auto, (max-width: 1024px) 100vw, 1024px\" \/><\/figure>\n<\/div>\n\n\n<p><\/p>\n","protected":false},"excerpt":{"rendered":"<p>Du kan velge om du vil si at tornebusken har roser, eller om rosebusken har torner &#8211; \u00d8. Hammer Jeg benytter Matis produkter i behandlinger. Matis er en komplett, plantebasert &hellip; <\/p>\n","protected":false},"author":1,"featured_media":20,"parent":0,"menu_order":0,"comment_status":"closed","ping_status":"closed","template":"","meta":{"footnotes":""},"class_list":["post-17","page","type-page","status-publish","has-post-thumbnail","hentry"],"_links":{"self":[{"href":"https:\/\/sirisrom.no\/index.php\/wp-json\/wp\/v2\/pages\/17","targetHints":{"allow":["GET"]}}],"collection":[{"href":"https:\/\/sirisrom.no\/index.php\/wp-json\/wp\/v2\/pages"}],"about":[{"href":"https:\/\/sirisrom.no\/index.php\/wp-json\/wp\/v2\/types\/page"}],"author":[{"embeddable":true,"href":"https:\/\/sirisrom.no\/index.php\/wp-json\/wp\/v2\/users\/1"}],"replies":[{"embeddable":true,"href":"https:\/\/sirisrom.no\/index.php\/wp-json\/wp\/v2\/comments?post=17"}],"version-history":[{"count":14,"href":"https:\/\/sirisrom.no\/index.php\/wp-json\/wp\/v2\/pages\/17\/revisions"}],"predecessor-version":[{"id":187,"href":"https:\/\/sirisrom.no\/index.php\/wp-json\/wp\/v2\/pages\/17\/revisions\/187"}],"wp:featuredmedia":[{"embeddable":true,"href":"https:\/\/sirisrom.no\/index.php\/wp-json\/wp\/v2\/media\/20"}],"wp:attachment":[{"href":"https:\/\/sirisrom.no\/index.php\/wp-json\/wp\/v2\/media?parent=17"}],"curies":[{"name":"wp","href":"https:\/\/api.w.org\/{rel}","templated":true}]}}